{"id":1646,"date":"2021-03-02T11:27:56","date_gmt":"2021-03-02T09:27:56","guid":{"rendered":"https:\/\/rohlikvparku.cz\/?page_id=1646"},"modified":"2022-04-27T00:01:03","modified_gmt":"2022-04-26T22:01:03","slug":"parek","status":"publish","type":"page","link":"https:\/\/rohlikvparku.cz\/rvphome\/parek\/","title":{"rendered":"Parek"},"content":{"rendered":"\t\t<div data-elementor-type=\"wp-page\" data-elementor-id=\"1646\" class=\"elementor elementor-1646\">\n\t\t\t\t\t\t<section class=\"elementor-section elementor-top-section elementor-element elementor-element-6fbc2be elementor-section-boxed elementor-section-height-default elementor-section-height-default\" data-id=\"6fbc2be\" data-element_type=\"section\">\n\t\t\t\t\t\t<div class=\"elementor-container elementor-column-gap-default\">\n\t\t\t\t\t<div class=\"elementor-column elementor-col-100 elementor-top-column elementor-element elementor-element-a0ef39f\" data-id=\"a0ef39f\" data-element_type=\"column\">\n\t\t\t<div class=\"elementor-widget-wrap elementor-element-populated\">\n\t\t\t\t\t\t<div class=\"elementor-element elementor-element-c6007aa elementor-widget elementor-widget-menu-anchor\" data-id=\"c6007aa\" data-element_type=\"widget\" data-widget_type=\"menu-anchor.default\">\n\t\t\t\t<div class=\"elementor-widget-container\">\n\t\t\t\t\t<div id=\"top\" class=\"elementor-menu-anchor\"><\/div>\n\t\t\t\t<\/div>\n\t\t\t\t<\/div>\n\t\t\t\t<section class=\"elementor-section elementor-inner-section elementor-element elementor-element-00a49d4 elementor-section-boxed elementor-section-height-default elementor-section-height-default\" data-id=\"00a49d4\" data-element_type=\"section\">\n\t\t\t\t\t\t<div class=\"elementor-container elementor-column-gap-default\">\n\t\t\t\t\t<div class=\"elementor-column elementor-col-33 elementor-inner-column elementor-element elementor-element-b1ebd99\" data-id=\"b1ebd99\" data-element_type=\"column\">\n\t\t\t<div class=\"elementor-widget-wrap\">\n\t\t\t\t\t\t\t<\/div>\n\t\t<\/div>\n\t\t\t\t<div class=\"elementor-column elementor-col-33 elementor-inner-column elementor-element elementor-element-d10f08f\" data-id=\"d10f08f\" data-element_type=\"column\">\n\t\t\t<div class=\"elementor-widget-wrap elementor-element-populated\">\n\t\t\t\t\t\t<div class=\"elementor-element elementor-element-0edcccd elementor-widget elementor-widget-heading\" data-id=\"0edcccd\" data-element_type=\"widget\" data-widget_type=\"heading.default\">\n\t\t\t\t<div class=\"elementor-widget-container\">\n\t\t\t<h3 class=\"elementor-heading-title elementor-size-large\">P\u00e1rek<\/h3>\t\t<\/div>\n\t\t\t\t<\/div>\n\t\t\t\t<div class=\"elementor-element elementor-element-2bf5c7c elementor-widget elementor-widget-heading\" data-id=\"2bf5c7c\" data-element_type=\"widget\" data-widget_type=\"heading.default\">\n\t\t\t\t<div class=\"elementor-widget-container\">\n\t\t\t<h3 class=\"elementor-heading-title elementor-size-large\">Barojka<\/h3>\t\t<\/div>\n\t\t\t\t<\/div>\n\t\t\t\t<div class=\"elementor-element elementor-element-1d78aa7 elementor-widget elementor-widget-heading\" data-id=\"1d78aa7\" data-element_type=\"widget\" data-widget_type=\"heading.default\">\n\t\t\t\t<div class=\"elementor-widget-container\">\n\t\t\t<h3 class=\"elementor-heading-title elementor-size-large\">nekone\u010dn\u00e1 lahoda<\/h3>\t\t<\/div>\n\t\t\t\t<\/div>\n\t\t\t\t<div class=\"elementor-element elementor-element-1ee4b85 elementor-widget elementor-widget-heading\" data-id=\"1ee4b85\" data-element_type=\"widget\" data-widget_type=\"heading.default\">\n\t\t\t\t<div class=\"elementor-widget-container\">\n\t\t\t<h3 class=\"elementor-heading-title elementor-size-large\">uzenina minim\u00e1ln\u011b 90% masa<\/h3>\t\t<\/div>\n\t\t\t\t<\/div>\n\t\t\t\t\t<\/div>\n\t\t<\/div>\n\t\t\t\t<div class=\"elementor-column elementor-col-33 elementor-inner-column elementor-element elementor-element-1e21975\" data-id=\"1e21975\" data-element_type=\"column\">\n\t\t\t<div class=\"elementor-widget-wrap elementor-element-populated\">\n\t\t\t\t\t\t<div class=\"elementor-element elementor-element-217f8da elementor-align-justify elementor-widget elementor-widget-button\" data-id=\"217f8da\" data-element_type=\"widget\" data-widget_type=\"button.default\">\n\t\t\t\t<div class=\"elementor-widget-container\">\n\t\t\t\t\t<div class=\"elementor-button-wrapper\">\n\t\t\t<a class=\"elementor-button elementor-button-link elementor-size-xs elementor-animation-bob\" href=\"https:\/\/rohlikvparku.cz\/poptavka\">\n\t\t\t\t\t\t<span class=\"elementor-button-content-wrapper\">\n\t\t\t\t\t\t<span class=\"elementor-button-text\">Tohle chci prod\u00e1vat!<\/span>\n\t\t<\/span>\n\t\t\t\t\t<\/a>\n\t\t<\/div>\n\t\t\t\t<\/div>\n\t\t\t\t<\/div>\n\t\t\t\t\t<\/div>\n\t\t<\/div>\n\t\t\t\t\t<\/div>\n\t\t<\/section>\n\t\t\t\t<div class=\"elementor-element elementor-element-e5e503c elementor-widget-divider--view-line elementor-widget elementor-widget-divider\" data-id=\"e5e503c\" data-element_type=\"widget\" data-widget_type=\"divider.default\">\n\t\t\t\t<div class=\"elementor-widget-container\">\n\t\t\t\t\t<div class=\"elementor-divider\">\n\t\t\t<span class=\"elementor-divider-separator\">\n\t\t\t\t\t\t<\/span>\n\t\t<\/div>\n\t\t\t\t<\/div>\n\t\t\t\t<\/div>\n\t\t\t\t<div class=\"elementor-element elementor-element-231431b elementor-widget elementor-widget-text-editor\" data-id=\"231431b\" data-element_type=\"widget\" data-widget_type=\"text-editor.default\">\n\t\t\t\t<div class=\"elementor-widget-container\">\n\t\t\t\t\t\t\t<p><strong>Barojka<\/strong> p\u00e1rky jsou, stejn\u011b jako na\u0161e <a href=\"https:\/\/rohlikvparku.cz\/barojka\/\"><strong>dut\u00e1 uzenina<\/strong><\/a>, vyr\u00e1b\u011bny<span style=\"color: var( --e-global-color-text );\">\u00a0<\/span><span style=\"color: var( --e-global-color-text );\">v <a href=\"https:\/\/www.reznictvijanus.cz\">\u0159eznictv\u00ed<\/a> s dlouholetou tradic\u00ed <\/span>podle stejn\u00e9 origin\u00e1ln\u00ed receptury.<strong style=\"color: var( --e-global-color-text );\"> Obsahuj\u00ed <\/strong>hov\u011bz\u00ed p\u0159edn\u00ed 22 %, vep\u0159ov\u00e1 plec 48 %, vep\u0159ov\u00fd bok 30 %, celkov\u011b<strong style=\"color: var( --e-global-color-text );\"> minim\u00e1ln\u011b 90 % kvalitn\u00edho masa.<\/strong><span style=\"color: var( --e-global-color-text );\">\u00a0<\/span><\/p><p>Origin\u00e1ln\u00ed receptura a minim\u00e1ln\u011b 90 % masa je z\u00e1rukou, \u017ee na\u0161e p\u00e1rky jsou opravdovou delikatesou. P\u00e1rky jsou pln\u011bny do jedl\u00e9ho kolagenn\u00edho p\u00e1rkov\u00e9ho st\u0159eva, kter\u00e9 je mo\u017eno konzumovat jako sou\u010d\u00e1st uzeniny. P\u00e1rky maj\u00ed jemn\u00fd skus a p\u0159irozen\u00fd vzhled. Neobsahuj\u00ed lepek.<\/p>\t\t\t\t\t\t<\/div>\n\t\t\t\t<\/div>\n\t\t\t\t\t<\/div>\n\t\t<\/div>\n\t\t\t\t\t<\/div>\n\t\t<\/section>\n\t\t\t\t<section class=\"elementor-section elementor-top-section elementor-element elementor-element-8fbc7b2 elementor-section-boxed elementor-section-height-default elementor-section-height-default\" data-id=\"8fbc7b2\" data-element_type=\"section\">\n\t\t\t\t\t\t<div class=\"elementor-container elementor-column-gap-default\">\n\t\t\t\t\t<div class=\"elementor-column elementor-col-100 elementor-top-column elementor-element elementor-element-c05fd8b\" data-id=\"c05fd8b\" data-element_type=\"column\">\n\t\t\t<div class=\"elementor-widget-wrap elementor-element-populated\">\n\t\t\t\t\t\t<div class=\"elementor-element elementor-element-6edfbe4 elementor-widget elementor-widget-gallery\" data-id=\"6edfbe4\" data-element_type=\"widget\" data-widget_type=\"gallery.default\">\n\t\t\t\t<div class=\"elementor-widget-container\">\n\t\t\t \t\t<\/div>\n\t\t\t\t<\/div>\n\t\t\t\t\t<\/div>\n\t\t<\/div>\n\t\t\t\t\t<\/div>\n\t\t<\/section>\n\t\t\t\t<section class=\"elementor-section elementor-top-section elementor-element elementor-element-ad36b5e elementor-section-boxed elementor-section-height-default elementor-section-height-default\" data-id=\"ad36b5e\" data-element_type=\"section\">\n\t\t\t\t\t\t<div class=\"elementor-container elementor-column-gap-default\">\n\t\t\t\t\t<div class=\"elementor-column elementor-col-100 elementor-top-column elementor-element elementor-element-dca12da\" data-id=\"dca12da\" data-element_type=\"column\">\n\t\t\t<div class=\"elementor-widget-wrap elementor-element-populated\">\n\t\t\t\t\t\t<div class=\"elementor-element elementor-element-7b607c1 elementor-widget elementor-widget-spacer\" data-id=\"7b607c1\" data-element_type=\"widget\" data-widget_type=\"spacer.default\">\n\t\t\t\t<div class=\"elementor-widget-container\">\n\t\t\t\t\t<div class=\"elementor-spacer\">\n\t\t\t<div class=\"elementor-spacer-inner\"><\/div>\n\t\t<\/div>\n\t\t\t\t<\/div>\n\t\t\t\t<\/div>\n\t\t\t\t\t<\/div>\n\t\t<\/div>\n\t\t\t\t\t<\/div>\n\t\t<\/section>\n\t\t\t\t<section class=\"elementor-section elementor-top-section elementor-element elementor-element-118065c elementor-section-boxed elementor-section-height-default elementor-section-height-default\" data-id=\"118065c\" data-element_type=\"section\">\n\t\t\t\t\t\t<div class=\"elementor-container elementor-column-gap-default\">\n\t\t\t\t\t<div class=\"elementor-column elementor-col-14 elementor-top-column elementor-element elementor-element-42e2857\" data-id=\"42e2857\" data-element_type=\"column\">\n\t\t\t<div class=\"elementor-widget-wrap elementor-element-populated\">\n\t\t\t\t\t\t<div class=\"elementor-element elementor-element-55e87e0 elementor-align-justify elementor-widget elementor-widget-button\" data-id=\"55e87e0\" data-element_type=\"widget\" data-widget_type=\"button.default\">\n\t\t\t\t<div class=\"elementor-widget-container\">\n\t\t\t\t\t<div class=\"elementor-button-wrapper\">\n\t\t\t<a class=\"elementor-button elementor-button-link elementor-size-sm elementor-animation-hang\" href=\"https:\/\/rohlikvparku.cz\/#produkt\">\n\t\t\t\t\t\t<span class=\"elementor-button-content-wrapper\">\n\t\t\t\t\t\t<span class=\"elementor-button-text\">Rohl\u00edk v p\u00e1rku<\/span>\n\t\t<\/span>\n\t\t\t\t\t<\/a>\n\t\t<\/div>\n\t\t\t\t<\/div>\n\t\t\t\t<\/div>\n\t\t\t\t\t<\/div>\n\t\t<\/div>\n\t\t\t\t<div class=\"elementor-column elementor-col-14 elementor-top-column elementor-element elementor-element-44d0c0a\" data-id=\"44d0c0a\" data-element_type=\"column\">\n\t\t\t<div class=\"elementor-widget-wrap elementor-element-populated\">\n\t\t\t\t\t\t<div class=\"elementor-element elementor-element-5819209 elementor-align-justify elementor-widget elementor-widget-button\" data-id=\"5819209\" data-element_type=\"widget\" data-widget_type=\"button.default\">\n\t\t\t\t<div class=\"elementor-widget-container\">\n\t\t\t\t\t<div class=\"elementor-button-wrapper\">\n\t\t\t<a class=\"elementor-button elementor-button-link elementor-size-sm elementor-animation-hang\" href=\"https:\/\/rohlikvparku.cz\/sushi\/\">\n\t\t\t\t\t\t<span class=\"elementor-button-content-wrapper\">\n\t\t\t\t\t\t<span class=\"elementor-button-text\">Barojka \"Sushi\"<\/span>\n\t\t<\/span>\n\t\t\t\t\t<\/a>\n\t\t<\/div>\n\t\t\t\t<\/div>\n\t\t\t\t<\/div>\n\t\t\t\t\t<\/div>\n\t\t<\/div>\n\t\t\t\t<div class=\"elementor-column elementor-col-14 elementor-top-column elementor-element elementor-element-aeccfd6\" data-id=\"aeccfd6\" data-element_type=\"column\">\n\t\t\t<div class=\"elementor-widget-wrap elementor-element-populated\">\n\t\t\t\t\t\t<div class=\"elementor-element elementor-element-556cd14 elementor-align-justify elementor-widget elementor-widget-button\" data-id=\"556cd14\" data-element_type=\"widget\" data-widget_type=\"button.default\">\n\t\t\t\t<div class=\"elementor-widget-container\">\n\t\t\t\t\t<div class=\"elementor-button-wrapper\">\n\t\t\t<a class=\"elementor-button elementor-button-link elementor-size-sm elementor-animation-hang\" href=\"https:\/\/rohlikvparku.cz\/syrmix\/\">\n\t\t\t\t\t\t<span class=\"elementor-button-content-wrapper\">\n\t\t\t\t\t\t<span class=\"elementor-button-text\">Barojka s\u00fdr-mix<\/span>\n\t\t<\/span>\n\t\t\t\t\t<\/a>\n\t\t<\/div>\n\t\t\t\t<\/div>\n\t\t\t\t<\/div>\n\t\t\t\t\t<\/div>\n\t\t<\/div>\n\t\t\t\t<div class=\"elementor-column elementor-col-14 elementor-top-column elementor-element elementor-element-b418d69\" data-id=\"b418d69\" data-element_type=\"column\">\n\t\t\t<div class=\"elementor-widget-wrap elementor-element-populated\">\n\t\t\t\t\t\t<div class=\"elementor-element elementor-element-8c42ced elementor-align-justify elementor-widget elementor-widget-button\" data-id=\"8c42ced\" data-element_type=\"widget\" data-widget_type=\"button.default\">\n\t\t\t\t<div class=\"elementor-widget-container\">\n\t\t\t\t\t<div class=\"elementor-button-wrapper\">\n\t\t\t<a class=\"elementor-button elementor-button-link elementor-size-sm elementor-animation-hang\" href=\"https:\/\/rohlikvparku.cz\/chips\/\">\n\t\t\t\t\t\t<span class=\"elementor-button-content-wrapper\">\n\t\t\t\t\t\t<span class=\"elementor-button-text\">Barojka Chips<\/span>\n\t\t<\/span>\n\t\t\t\t\t<\/a>\n\t\t<\/div>\n\t\t\t\t<\/div>\n\t\t\t\t<\/div>\n\t\t\t\t\t<\/div>\n\t\t<\/div>\n\t\t\t\t<div class=\"elementor-column elementor-col-14 elementor-top-column elementor-element elementor-element-7eb2686\" data-id=\"7eb2686\" data-element_type=\"column\">\n\t\t\t<div class=\"elementor-widget-wrap elementor-element-populated\">\n\t\t\t\t\t\t<div class=\"elementor-element elementor-element-47dc64f elementor-align-justify elementor-widget elementor-widget-button\" data-id=\"47dc64f\" data-element_type=\"widget\" data-widget_type=\"button.default\">\n\t\t\t\t<div class=\"elementor-widget-container\">\n\t\t\t\t\t<div class=\"elementor-button-wrapper\">\n\t\t\t<a class=\"elementor-button elementor-button-link elementor-size-sm elementor-animation-hang\" href=\"https:\/\/rohlikvparku.cz\/utopenci\/\">\n\t\t\t\t\t\t<span class=\"elementor-button-content-wrapper\">\n\t\t\t\t\t\t<span class=\"elementor-button-text\">Barojka Utopenci<\/span>\n\t\t<\/span>\n\t\t\t\t\t<\/a>\n\t\t<\/div>\n\t\t\t\t<\/div>\n\t\t\t\t<\/div>\n\t\t\t\t\t<\/div>\n\t\t<\/div>\n\t\t\t\t<div class=\"elementor-column elementor-col-14 elementor-top-column elementor-element elementor-element-e7b271b\" data-id=\"e7b271b\" data-element_type=\"column\">\n\t\t\t<div class=\"elementor-widget-wrap elementor-element-populated\">\n\t\t\t\t\t\t<div class=\"elementor-element elementor-element-904be1f elementor-align-justify elementor-widget elementor-widget-button\" data-id=\"904be1f\" data-element_type=\"widget\" data-widget_type=\"button.default\">\n\t\t\t\t<div class=\"elementor-widget-container\">\n\t\t\t\t\t<div class=\"elementor-button-wrapper\">\n\t\t\t<a class=\"elementor-button elementor-button-link elementor-size-sm elementor-animation-hang\" href=\"https:\/\/rohlikvparku.cz\/klobasa\/\">\n\t\t\t\t\t\t<span class=\"elementor-button-content-wrapper\">\n\t\t\t\t\t\t<span class=\"elementor-button-text\">Barojka klob\u00e1sa<\/span>\n\t\t<\/span>\n\t\t\t\t\t<\/a>\n\t\t<\/div>\n\t\t\t\t<\/div>\n\t\t\t\t<\/div>\n\t\t\t\t\t<\/div>\n\t\t<\/div>\n\t\t\t\t<div class=\"elementor-column elementor-col-14 elementor-top-column elementor-element elementor-element-ff41ad1\" data-id=\"ff41ad1\" data-element_type=\"column\">\n\t\t\t<div class=\"elementor-widget-wrap elementor-element-populated\">\n\t\t\t\t\t\t<div class=\"elementor-element elementor-element-6432f41 elementor-align-justify elementor-widget elementor-widget-button\" data-id=\"6432f41\" data-element_type=\"widget\" data-widget_type=\"button.default\">\n\t\t\t\t<div class=\"elementor-widget-container\">\n\t\t\t\t\t<div class=\"elementor-button-wrapper\">\n\t\t\t<a class=\"elementor-button elementor-button-link elementor-size-sm elementor-animation-hang\" href=\"https:\/\/rohlikvparku.cz\/salam\/\">\n\t\t\t\t\t\t<span class=\"elementor-button-content-wrapper\">\n\t\t\t\t\t\t<span class=\"elementor-button-text\">Barojka Sal\u00e1m<\/span>\n\t\t<\/span>\n\t\t\t\t\t<\/a>\n\t\t<\/div>\n\t\t\t\t<\/div>\n\t\t\t\t<\/div>\n\t\t\t\t\t<\/div>\n\t\t<\/div>\n\t\t\t\t\t<\/div>\n\t\t<\/section>\n\t\t\t\t<\/div>\n\t\t","protected":false},"excerpt":{"rendered":"<p>P\u00e1rek Barojka nekone\u010dn\u00e1 lahoda uzenina minim\u00e1ln\u011b 90% masa Tohle chci prod\u00e1vat! Barojka p\u00e1rky jsou, stejn\u011b jako na\u0161e dut\u00e1 uzenina, vyr\u00e1b\u011bny\u00a0v \u0159eznictv\u00ed s dlouholetou tradic\u00ed podle stejn\u00e9 origin\u00e1ln\u00ed receptury. Obsahuj\u00ed hov\u011bz\u00ed p\u0159edn\u00ed 22 %, vep\u0159ov\u00e1 plec 48 %, vep\u0159ov\u00fd bok 30 %, celkov\u011b minim\u00e1ln\u011b 90 % kvalitn\u00edho masa.\u00a0 Origin\u00e1ln\u00ed receptura a minim\u00e1ln\u011b 90 % masa je &hellip; <\/p>\n<p class=\"link-more\"><a href=\"https:\/\/rohlikvparku.cz\/rvphome\/parek\/\" class=\"more-link\">Pokra\u010dovat ve \u010dten\u00ed<span class=\"screen-reader-text\"> &#8222;Parek&#8220;<\/span><\/a><\/p>\n","protected":false},"author":1,"featured_media":0,"parent":0,"menu_order":0,"comment_status":"closed","ping_status":"closed","template":"elementor_header_footer","meta":{"footnotes":""},"yoast_head":"<!-- This site is optimized with the Yoast SEO plugin v22.4 - https:\/\/yoast.com\/wordpress\/plugins\/seo\/ -->\n<title>Parek - Rohl\u00edk v p\u00e1rku<\/title>\n<meta name=\"robots\" content=\"index, follow, max-snippet:-1, max-image-preview:large, max-video-preview:-1\" \/>\n<link rel=\"canonical\" href=\"https:\/\/rohlikvparku.cz\/rvphome\/parek\/\" \/>\n<meta property=\"og:locale\" content=\"cs_CZ\" \/>\n<meta property=\"og:type\" content=\"article\" \/>\n<meta property=\"og:title\" content=\"Parek - Rohl\u00edk v p\u00e1rku\" \/>\n<meta property=\"og:description\" content=\"P\u00e1rek Barojka nekone\u010dn\u00e1 lahoda uzenina minim\u00e1ln\u011b 90% masa Tohle chci prod\u00e1vat! Barojka p\u00e1rky jsou, stejn\u011b jako na\u0161e dut\u00e1 uzenina, vyr\u00e1b\u011bny\u00a0v \u0159eznictv\u00ed s dlouholetou tradic\u00ed podle stejn\u00e9 origin\u00e1ln\u00ed receptury. Obsahuj\u00ed hov\u011bz\u00ed p\u0159edn\u00ed 22 %, vep\u0159ov\u00e1 plec 48 %, vep\u0159ov\u00fd bok 30 %, celkov\u011b minim\u00e1ln\u011b 90 % kvalitn\u00edho masa.\u00a0 Origin\u00e1ln\u00ed receptura a minim\u00e1ln\u011b 90 % masa je &hellip; Pokra\u010dovat ve \u010dten\u00ed &quot;Parek&quot;\" \/>\n<meta property=\"og:url\" content=\"https:\/\/rohlikvparku.cz\/rvphome\/parek\/\" \/>\n<meta property=\"og:site_name\" content=\"Rohl\u00edk v p\u00e1rku\" \/>\n<meta property=\"article:publisher\" content=\"https:\/\/www.facebook.com\/Rohl%c3%adk-v-p%c3%a1rku-105049677970899\" \/>\n<meta property=\"article:modified_time\" content=\"2022-04-26T22:01:03+00:00\" \/>\n<meta name=\"twitter:card\" content=\"summary_large_image\" \/>\n<meta name=\"twitter:label1\" content=\"Odhadovan\u00e1 doba \u010dten\u00ed\" \/>\n\t<meta name=\"twitter:data1\" content=\"1 minuta\" \/>\n<script type=\"application\/ld+json\" class=\"yoast-schema-graph\">{\"@context\":\"https:\/\/schema.org\",\"@graph\":[{\"@type\":\"WebPage\",\"@id\":\"https:\/\/rohlikvparku.cz\/rvphome\/parek\/\",\"url\":\"https:\/\/rohlikvparku.cz\/rvphome\/parek\/\",\"name\":\"Parek - Rohl\u00edk v p\u00e1rku\",\"isPartOf\":{\"@id\":\"https:\/\/rohlikvparku.cz\/rvphome\/#website\"},\"datePublished\":\"2021-03-02T09:27:56+00:00\",\"dateModified\":\"2022-04-26T22:01:03+00:00\",\"breadcrumb\":{\"@id\":\"https:\/\/rohlikvparku.cz\/rvphome\/parek\/#breadcrumb\"},\"inLanguage\":\"cs\",\"potentialAction\":[{\"@type\":\"ReadAction\",\"target\":[\"https:\/\/rohlikvparku.cz\/rvphome\/parek\/\"]}]},{\"@type\":\"BreadcrumbList\",\"@id\":\"https:\/\/rohlikvparku.cz\/rvphome\/parek\/#breadcrumb\",\"itemListElement\":[{\"@type\":\"ListItem\",\"position\":1,\"name\":\"Dom\u016f\",\"item\":\"https:\/\/rohlikvparku.cz\/rvphome\/\"},{\"@type\":\"ListItem\",\"position\":2,\"name\":\"Parek\"}]},{\"@type\":\"WebSite\",\"@id\":\"https:\/\/rohlikvparku.cz\/rvphome\/#website\",\"url\":\"https:\/\/rohlikvparku.cz\/rvphome\/\",\"name\":\"Rohl\u00edk v p\u00e1rku\",\"description\":\"Nekone\u010dn\u00e1 lahoda\",\"publisher\":{\"@id\":\"https:\/\/rohlikvparku.cz\/rvphome\/#organization\"},\"potentialAction\":[{\"@type\":\"SearchAction\",\"target\":{\"@type\":\"EntryPoint\",\"urlTemplate\":\"https:\/\/rohlikvparku.cz\/rvphome\/?s={search_term_string}\"},\"query-input\":\"required name=search_term_string\"}],\"inLanguage\":\"cs\"},{\"@type\":\"Organization\",\"@id\":\"https:\/\/rohlikvparku.cz\/rvphome\/#organization\",\"name\":\"Rohl\u00edk v p\u00e1rku s.r.o.\",\"url\":\"https:\/\/rohlikvparku.cz\/rvphome\/\",\"logo\":{\"@type\":\"ImageObject\",\"inLanguage\":\"cs\",\"@id\":\"https:\/\/rohlikvparku.cz\/rvphome\/#\/schema\/logo\/image\/\",\"url\":\"https:\/\/rohlikvparku.cz\/wp-content\/uploads\/2020\/08\/RVP07cz.png\",\"contentUrl\":\"https:\/\/rohlikvparku.cz\/wp-content\/uploads\/2020\/08\/RVP07cz.png\",\"width\":758,\"height\":760,\"caption\":\"Rohl\u00edk v p\u00e1rku s.r.o.\"},\"image\":{\"@id\":\"https:\/\/rohlikvparku.cz\/rvphome\/#\/schema\/logo\/image\/\"},\"sameAs\":[\"https:\/\/www.facebook.com\/Rohl\u00edk-v-p\u00e1rku-105049677970899\",\"https:\/\/www.youtube.com\/channel\/UCufUYpnc7_OUUEHJMseMZZw\/videos\"]}]}<\/script>\n<!-- \/ Yoast SEO plugin. -->","yoast_head_json":{"title":"Parek - Rohl\u00edk v p\u00e1rku","robots":{"index":"index","follow":"follow","max-snippet":"max-snippet:-1","max-image-preview":"max-image-preview:large","max-video-preview":"max-video-preview:-1"},"canonical":"https:\/\/rohlikvparku.cz\/rvphome\/parek\/","og_locale":"cs_CZ","og_type":"article","og_title":"Parek - Rohl\u00edk v p\u00e1rku","og_description":"P\u00e1rek Barojka nekone\u010dn\u00e1 lahoda uzenina minim\u00e1ln\u011b 90% masa Tohle chci prod\u00e1vat! Barojka p\u00e1rky jsou, stejn\u011b jako na\u0161e dut\u00e1 uzenina, vyr\u00e1b\u011bny\u00a0v \u0159eznictv\u00ed s dlouholetou tradic\u00ed podle stejn\u00e9 origin\u00e1ln\u00ed receptury. Obsahuj\u00ed hov\u011bz\u00ed p\u0159edn\u00ed 22 %, vep\u0159ov\u00e1 plec 48 %, vep\u0159ov\u00fd bok 30 %, celkov\u011b minim\u00e1ln\u011b 90 % kvalitn\u00edho masa.\u00a0 Origin\u00e1ln\u00ed receptura a minim\u00e1ln\u011b 90 % masa je &hellip; Pokra\u010dovat ve \u010dten\u00ed \"Parek\"","og_url":"https:\/\/rohlikvparku.cz\/rvphome\/parek\/","og_site_name":"Rohl\u00edk v p\u00e1rku","article_publisher":"https:\/\/www.facebook.com\/Rohl%c3%adk-v-p%c3%a1rku-105049677970899","article_modified_time":"2022-04-26T22:01:03+00:00","twitter_card":"summary_large_image","twitter_misc":{"Odhadovan\u00e1 doba \u010dten\u00ed":"1 minuta"},"schema":{"@context":"https:\/\/schema.org","@graph":[{"@type":"WebPage","@id":"https:\/\/rohlikvparku.cz\/rvphome\/parek\/","url":"https:\/\/rohlikvparku.cz\/rvphome\/parek\/","name":"Parek - Rohl\u00edk v p\u00e1rku","isPartOf":{"@id":"https:\/\/rohlikvparku.cz\/rvphome\/#website"},"datePublished":"2021-03-02T09:27:56+00:00","dateModified":"2022-04-26T22:01:03+00:00","breadcrumb":{"@id":"https:\/\/rohlikvparku.cz\/rvphome\/parek\/#breadcrumb"},"inLanguage":"cs","potentialAction":[{"@type":"ReadAction","target":["https:\/\/rohlikvparku.cz\/rvphome\/parek\/"]}]},{"@type":"BreadcrumbList","@id":"https:\/\/rohlikvparku.cz\/rvphome\/parek\/#breadcrumb","itemListElement":[{"@type":"ListItem","position":1,"name":"Dom\u016f","item":"https:\/\/rohlikvparku.cz\/rvphome\/"},{"@type":"ListItem","position":2,"name":"Parek"}]},{"@type":"WebSite","@id":"https:\/\/rohlikvparku.cz\/rvphome\/#website","url":"https:\/\/rohlikvparku.cz\/rvphome\/","name":"Rohl\u00edk v p\u00e1rku","description":"Nekone\u010dn\u00e1 lahoda","publisher":{"@id":"https:\/\/rohlikvparku.cz\/rvphome\/#organization"},"potentialAction":[{"@type":"SearchAction","target":{"@type":"EntryPoint","urlTemplate":"https:\/\/rohlikvparku.cz\/rvphome\/?s={search_term_string}"},"query-input":"required name=search_term_string"}],"inLanguage":"cs"},{"@type":"Organization","@id":"https:\/\/rohlikvparku.cz\/rvphome\/#organization","name":"Rohl\u00edk v p\u00e1rku s.r.o.","url":"https:\/\/rohlikvparku.cz\/rvphome\/","logo":{"@type":"ImageObject","inLanguage":"cs","@id":"https:\/\/rohlikvparku.cz\/rvphome\/#\/schema\/logo\/image\/","url":"https:\/\/rohlikvparku.cz\/wp-content\/uploads\/2020\/08\/RVP07cz.png","contentUrl":"https:\/\/rohlikvparku.cz\/wp-content\/uploads\/2020\/08\/RVP07cz.png","width":758,"height":760,"caption":"Rohl\u00edk v p\u00e1rku s.r.o."},"image":{"@id":"https:\/\/rohlikvparku.cz\/rvphome\/#\/schema\/logo\/image\/"},"sameAs":["https:\/\/www.facebook.com\/Rohl\u00edk-v-p\u00e1rku-105049677970899","https:\/\/www.youtube.com\/channel\/UCufUYpnc7_OUUEHJMseMZZw\/videos"]}]}},"_links":{"self":[{"href":"https:\/\/rohlikvparku.cz\/rvphome\/wp-json\/wp\/v2\/pages\/1646"}],"collection":[{"href":"https:\/\/rohlikvparku.cz\/rvphome\/wp-json\/wp\/v2\/pages"}],"about":[{"href":"https:\/\/rohlikvparku.cz\/rvphome\/wp-json\/wp\/v2\/types\/page"}],"author":[{"embeddable":true,"href":"https:\/\/rohlikvparku.cz\/rvphome\/wp-json\/wp\/v2\/users\/1"}],"replies":[{"embeddable":true,"href":"https:\/\/rohlikvparku.cz\/rvphome\/wp-json\/wp\/v2\/comments?post=1646"}],"version-history":[{"count":40,"href":"https:\/\/rohlikvparku.cz\/rvphome\/wp-json\/wp\/v2\/pages\/1646\/revisions"}],"predecessor-version":[{"id":2752,"href":"https:\/\/rohlikvparku.cz\/rvphome\/wp-json\/wp\/v2\/pages\/1646\/revisions\/2752"}],"wp:attachment":[{"href":"https:\/\/rohlikvparku.cz\/rvphome\/wp-json\/wp\/v2\/media?parent=1646"}],"curies":[{"name":"wp","href":"https:\/\/api.w.org\/{rel}","templated":true}]}}